{"id":328,"date":"2024-11-08T19:04:26","date_gmt":"2024-11-08T19:04:26","guid":{"rendered":"https:\/\/camelionna.com\/?page_id=328"},"modified":"2026-01-06T17:28:08","modified_gmt":"2026-01-06T17:28:08","slug":"warranty-registration","status":"publish","type":"page","link":"https:\/\/camelionna.com\/fr\/warranty-registration\/","title":{"rendered":"Enregistrement de la garantie"},"content":{"rendered":"<p>[et_pb_section fb_built=&#8221;1&#8243; admin_label=&#8221;About&#8221; _builder_version=&#8221;4.25.1&#8243; _module_preset=&#8221;default&#8221; locked=&#8221;off&#8221; collapsed=&#8221;on&#8221; global_colors_info=&#8221;{}&#8221;][et_pb_row _builder_version=&#8221;4.25.1&#8243; _module_preset=&#8221;default&#8221; global_colors_info=&#8221;{}&#8221;][et_pb_column type=&#8221;4_4&#8243; _builder_version=&#8221;4.25.1&#8243; _module_preset=&#8221;default&#8221; global_colors_info=&#8221;{}&#8221;][et_pb_button button_url=&#8221;https:\/\/camelionna.com\/?page_id=879&#038;preview=true&#8221; button_text=&#8221;Return to Home&#8221; _builder_version=&#8221;4.27.4&#8243; _module_preset=&#8221;default&#8221; button_icon=&#8221;&#x4a;||divi||400&#8243; global_colors_info=&#8221;{}&#8221;][\/et_pb_button][et_pb_text quote_border_color=&#8221;#000000&#8243; _builder_version=&#8221;4.25.0&#8243; _module_preset=&#8221;2c55a9c4-feed-423b-9edb-ae0b5b365cac&#8221; text_font=&#8221;Poppins|Poppins_weight|||||||&#8221; text_text_color=&#8221;rgba(0,0,0,0.64)&#8221; text_font_size=&#8221;16px&#8221; text_line_height=&#8221;1.75em&#8221; link_font=&#8221;|Poppins_weight|||||||&#8221; link_text_color=&#8221;#ed1c24&#8243; quote_font=&#8221;Poppins|Poppins_weight|||||||&#8221; quote_text_color=&#8221;#111111&#8243; header_font=&#8221;Poppins|Poppins_weight|||||||&#8221; header_text_color=&#8221;#111111&#8243; header_font_size=&#8221;72px&#8221; header_line_height=&#8221;1.15em&#8221; header_2_font=&#8221;Poppins|Poppins_weight|||||||&#8221; header_2_text_color=&#8221;#111111&#8243; header_2_font_size=&#8221;50px&#8221; header_2_line_height=&#8221;1.2em&#8221; header_3_font=&#8221;Poppins|Poppins_weight|||||||&#8221; header_3_text_color=&#8221;#111111&#8243; header_3_line_height=&#8221;1.3em&#8221; header_4_font=&#8221;Poppins|Poppins_weight|||||||&#8221; header_4_text_color=&#8221;#111111&#8243; header_4_font_size=&#8221;24px&#8221; header_4_line_height=&#8221;1.4em&#8221; header_5_font=&#8221;Poppins|Poppins_weight|||||||&#8221; header_5_text_color=&#8221;#111111&#8243; header_5_font_size=&#8221;18px&#8221; header_5_line_height=&#8221;1.4em&#8221; header_6_font=&#8221;Poppins|Poppins_weight|||||||&#8221; header_6_text_color=&#8221;#111111&#8243; header_6_line_height=&#8221;1.5em&#8221; custom_margin=&#8221;||||false|false&#8221; text_font_size_tablet=&#8221;15px&#8221; text_font_size_phone=&#8221;14px&#8221; text_font_size_last_edited=&#8221;on|phone&#8221; header_font_size_tablet=&#8221;40px&#8221; header_font_size_phone=&#8221;24px&#8221; header_font_size_last_edited=&#8221;on|desktop&#8221; header_2_font_size_tablet=&#8221;28px&#8221; header_2_font_size_phone=&#8221;20px&#8221; header_2_font_size_last_edited=&#8221;on|phone&#8221; header_3_font_size_tablet=&#8221;22px&#8221; header_3_font_size_phone=&#8221;17px&#8221; header_3_font_size_last_edited=&#8221;on|phone&#8221; header_4_font_size_tablet=&#8221;18px&#8221; header_4_font_size_phone=&#8221;15px&#8221; header_4_font_size_last_edited=&#8221;on|tablet&#8221; header_5_font_size_tablet=&#8221;15px&#8221; header_5_font_size_phone=&#8221;14px&#8221; header_5_font_size_last_edited=&#8221;on|desktop&#8221; header_6_font_size_tablet=&#8221;13px&#8221; header_6_font_size_phone=&#8221;13px&#8221; header_6_font_size_last_edited=&#8221;on|desktop&#8221; global_colors_info=&#8221;{}&#8221;]<\/p>\n<div class=\"item\">\n<h3>Product Warranty Registration<\/h3>\n<div class=\"c6\">Thank you for purchasing our Camelion product. Please register your product by completing the form to benefit from our limited warranty. It is important to keep the ORIGINAL receipt as it will be required for warranty claims.<\/div>\n<div class=\"c6\"><\/div>\n<\/div>\n<div class=\"item\">\n<h3><\/h3>\n<h3>Enregistrement de la garantie<\/h3>\n<div class=\"c6\">Merci d\u2019avoir achet\u00e9 notre produit Camelion. Veuillez enregistrer votre produit en remplissant le formulaire en ligne pour b\u00e9n\u00e9ficier de notre garantie limit\u00e9e. Il est important de conserver le re\u00e7u ORIGINAL car il sera n\u00e9cessaire pour les r\u00e9clamations de garantie.<\/div>\n<div class=\"c6\"><\/div>\n<\/div>\n<div class=\"item\">\n<h3><\/h3>\n<h3>Registro de garant\u00eda<\/h3>\n<div class=\"c6\">Gracias por comprar nuestro producto Camelion. Registre su producto completando el formulario para beneficiarse de nuestra garant\u00eda limitada. Es importante conservar el recibo ORIGINAL, ya que ser\u00e1 necesario para reclamos de garant\u00eda.<\/div>\n<div class=\"c6\"><\/div>\n<\/div>\n<div class=\"item\">\n<h3><\/h3>\n<h3>\u8d28\u4fdd\u767b\u8bb0<\/h3>\n<div class=\"c6\">\u611f\u8c22\u60a8\u8d2d\u4e70 Camelion \u4ea7\u54c1\u3002 \u4e3a\u4fdd\u8bc1\u66f4\u597d\u7684\u552e\u540e\u670d\u52a1\u4f53\u9a8c\uff0c\u8bf7\u586b\u5199\u4ee5\u4e0b\u300a\u8d28\u4fdd\u767b\u8bb0\u4fe1\u606f\u300b\uff0c\u4ea7\u54c1\u6ce8\u518c\u5b8c\u6210\u540e\uff0c\u5373\u53ef\u4eab\u53d7\u6211\u4eec\u7684\u8d28\u4fdd\u670d\u52a1\u3002 *\u8bf7\u4fdd\u5b58\u597d\u539f\u59cb\u6536\u636e\uff0c \u56e0\u4e3a\u4fdd\u4fee\u7d22\u8d54\u65f6\u9700\u8981\u5b83*<\/div>\n<div class=\"c6\"><\/div>\n<\/div>\n<div class=\"item\">\n<h3><\/h3>\n<h3>\u8a3b\u518a\u4fdd\u56fa<\/h3>\n<div class=\"c6\">\u611f\u8b1d\u60a8\u8cfc\u8cb7 Camelion \u7522\u54c1\u3002 \u70ba\u4fdd\u8b49\u66f4\u597d\u7684\u552e\u5f8c\u670d\u52d9\u9ad4\u9a57\uff0c\u8acb\u586b\u5beb\u4ee5\u4e0b\u300a\u8a3b\u518a\u4fdd\u56fa\u8cc7\u8a0a\u300b\uff0c\u7522\u54c1\u8a3b\u518a\u5b8c\u6210\u5f8c\uff0c\u5373\u53ef\u4eab\u53d7\u6211\u5011\u7684\u6709\u9650\u8cea\u4fdd\u3002 *\u8acb\u4fdd\u5b58\u597d\u539f\u59cb\u6536\u64da\uff0c \u56e0\u70ba\u4fdd\u4fee\u7d22\u8ce0\u9700\u8981\u5b83*<\/div>\n<\/div>\n<p>[\/et_pb_text][\/et_pb_column][\/et_pb_row][\/et_pb_section][et_pb_section fb_built=&#8221;1&#8243; admin_label=&#8221;Features&#8221; _builder_version=&#8221;4.18.0&#8243; _module_preset=&#8221;default&#8221; locked=&#8221;off&#8221; collapsed=&#8221;on&#8221; global_colors_info=&#8221;{}&#8221;][et_pb_row _builder_version=&#8221;4.25.0&#8243; _module_preset=&#8221;default&#8221; global_colors_info=&#8221;{}&#8221;][et_pb_column type=&#8221;4_4&#8243; _builder_version=&#8221;4.25.0&#8243; _module_preset=&#8221;default&#8221; global_colors_info=&#8221;{}&#8221;][et_pb_code _builder_version=&#8221;4.25.0&#8243; _module_preset=&#8221;default&#8221; global_colors_info=&#8221;{}&#8221;]\n<div class=\"wpcf7 no-js\" id=\"wpcf7-f327-o1\" lang=\"en-US\" dir=\"ltr\" data-wpcf7-id=\"327\">\n<div class=\"screen-reader-response\"><p role=\"status\" aria-live=\"polite\" aria-atomic=\"true\"><\/p> <ul><\/ul><\/div>\n<form action=\"\/fr\/wp-json\/wp\/v2\/pages\/328#wpcf7-f327-o1\" method=\"post\" class=\"wpcf7-form init\" aria-label=\"Contact form\" novalidate=\"novalidate\" data-status=\"init\">\n<fieldset class=\"hidden-fields-container\"><input type=\"hidden\" name=\"_wpcf7\" value=\"327\" \/><input type=\"hidden\" name=\"_wpcf7_version\" value=\"6.1.5\" \/><input type=\"hidden\" name=\"_wpcf7_locale\" value=\"en_US\" \/><input type=\"hidden\" name=\"_wpcf7_unit_tag\" value=\"wpcf7-f327-o1\" \/><input type=\"hidden\" name=\"_wpcf7_container_post\" value=\"0\" \/><input type=\"hidden\" name=\"_wpcf7_posted_data_hash\" value=\"\" \/><input type=\"hidden\" name=\"_wpcf7_recaptcha_response\" value=\"\" \/>\n<\/fieldset>\n<div class=\"warranty-form\">\n\t<h2>Product Warranty Registration\n\t<\/h2>\n\t<p>*required fields \u2022 *champs obligatoires \u2022 *campos requeridos \u2022 *\u4e3a\u5fc5\u586b\u9879 \u2022 *\u5fc5\u586b\u6b04\u4f4d\n\t<\/p>\n\n <!-- IDENTIFICATION SECTION -->\n\t<h3>IDENTIFICATION \u2022 IDENTIFICACI\u00d3N \u2022 \u6d88\u8d39\u8005\u8eab\u4efd\u4fe1\u606f \u2022 \u500b\u4eba\u8cc7\u8a0a\n\t<\/h3>\n\t<p><label>*First Name \u2022 Pr\u00e9nom \u2022 Nombre de pila \u2022 \u540d \u2022 \u540d:<\/label><br \/>\n<span class=\"wpcf7-form-control-wrap\" data-name=\"first-name\"><input size=\"40\" maxlength=\"400\" class=\"wpcf7-form-control wpcf7-text wpcf7-validates-as-required\" aria-required=\"true\" aria-invalid=\"false\" value=\"\" type=\"text\" name=\"first-name\" \/><\/span>\n\t<\/p>\n\t<p><label>*Last Name \u2022 Nom de famille \u2022 Apellido \u2022 \u59d3 \u2022 \u59d3:<\/label><br \/>\n<span class=\"wpcf7-form-control-wrap\" data-name=\"last-name\"><input size=\"40\" maxlength=\"400\" class=\"wpcf7-form-control wpcf7-text wpcf7-validates-as-required\" aria-required=\"true\" aria-invalid=\"false\" value=\"\" type=\"text\" name=\"last-name\" \/><\/span>\n\t<\/p>\n\t<p><label>*E-mail (required if registering online) \u2022 Courriel (obligatoire si vous vous inscrivez en ligne) Correo electr\u00f3nico (requerido si se registra en l\u00ednea) \u2022 \u7535\u5b50\u90ae\u4ef6\uff08\u5728\u7ebf\u6ce8\u518c\u65f6\u9700\u586b\u5199\uff09 \u96fb\u5b50\u90f5\u4ef6\uff08\u7dda\u4e0a\u8a3b\u518a\u6642\u9700\u8981\uff09:<\/label><br \/>\n<span class=\"wpcf7-form-control-wrap\" data-name=\"your-email\"><input size=\"40\" maxlength=\"400\" class=\"wpcf7-form-control wpcf7-email wpcf7-validates-as-required wpcf7-text wpcf7-validates-as-email\" aria-required=\"true\" aria-invalid=\"false\" value=\"\" type=\"email\" name=\"your-email\" \/><\/span>\n\t<\/p>\n\t<p><label>*Phone(Day) \u2022 T\u00e9l\u00e9phone (jour) \u2022 Tel\u00e9fono (d\u00eda) \u2022 \u7535\u8bdd\uff08\u767d\u5929\uff09\u2022 \u96fb\u8a71\uff08\u65e5\uff09:<\/label><br \/>\n<span class=\"wpcf7-form-control-wrap\" data-name=\"phone-number\"><input size=\"40\" maxlength=\"400\" class=\"wpcf7-form-control wpcf7-tel wpcf7-validates-as-required wpcf7-text wpcf7-validates-as-tel\" aria-required=\"true\" aria-invalid=\"false\" value=\"\" type=\"tel\" name=\"phone-number\" \/><\/span>\n\t<\/p>\n\t<p><label>Address 1 \u2022 Adresse 1 \u2022 Direcci\u00f3n 1 \u2022 \u5730\u57401 \u2022 \u4f4f\u5740\u7b2c 1 \u884c:<\/label><br \/>\n<span class=\"wpcf7-form-control-wrap\" data-name=\"address-line1\"><input size=\"40\" maxlength=\"400\" class=\"wpcf7-form-control wpcf7-text\" aria-invalid=\"false\" value=\"\" type=\"text\" name=\"address-line1\" \/><\/span>\n\t<\/p>\n\t<p><label>Address 2 \u2022 Adresse 2 \u2022 Direcci\u00f3n 2 \u2022 \u5730\u57402 \u2022 \u4f4f\u5740\u7b2c 2 \u884c:<\/label><br \/>\n<span class=\"wpcf7-form-control-wrap\" data-name=\"address-line2\"><input size=\"40\" maxlength=\"400\" class=\"wpcf7-form-control wpcf7-text\" aria-invalid=\"false\" value=\"\" type=\"text\" name=\"address-line2\" \/><\/span>\n\t<\/p>\n\t<p><label>City \u2022 Ville \u2022 Ciudad \u2022 \u57ce\u5e02 \u2022 \u57ce\u5e02:<\/label><br \/>\n<span class=\"wpcf7-form-control-wrap\" data-name=\"city\"><input size=\"40\" maxlength=\"400\" class=\"wpcf7-form-control wpcf7-text\" aria-invalid=\"false\" value=\"\" type=\"text\" name=\"city\" \/><\/span>\n\t<\/p>\n\t<p><label>Province\/State \u2022 Province\/\u00c9tat \u2022 Provincia\/Estado \u2022 \u7701\/\u5dde \u2022 \u7701\uff0f\u5dde:<\/label><br \/>\n<span class=\"wpcf7-form-control-wrap\" data-name=\"state\"><input size=\"40\" maxlength=\"400\" class=\"wpcf7-form-control wpcf7-text\" aria-invalid=\"false\" value=\"\" type=\"text\" name=\"state\" \/><\/span>\n\t<\/p>\n\t<p><label>Country \u2022 Pays \u2022 Pa\u00eds \u2022 \u56fd\u5bb6 \u2022 \u570b\u5bb6:<\/label><br \/>\n<span class=\"wpcf7-form-control-wrap\" data-name=\"country\"><input size=\"40\" maxlength=\"400\" class=\"wpcf7-form-control wpcf7-text\" aria-invalid=\"false\" value=\"\" type=\"text\" name=\"country\" \/><\/span>\n\t<\/p>\n\t<p><label>Postal Code\/Zip Code \u2022 Code postal \u2022 C\u00f3digo Postal \u2022 \u90ae\u653f\u7f16\u7801 \u2022 \u90f5\u905e\u5340\u865f:<\/label><br \/>\n<span class=\"wpcf7-form-control-wrap\" data-name=\"postal-code\"><input size=\"40\" maxlength=\"400\" class=\"wpcf7-form-control wpcf7-text\" aria-invalid=\"false\" value=\"\" type=\"text\" name=\"postal-code\" \/><\/span>\n\t<\/p> \n\n\n <!-- PRODUCT INFORMATION SECTION -->\n\t<h3>PRODUCT INFORMATION \u2022 INFORMATION PRODUIT \u2022 INFORMACI\u00d3N DEL PRODUCTO \u2022 \u4ea7\u54c1\u4fe1\u606f \u2022 \u7522\u54c1\u8cc7\u8a0a\n\t<\/h3>\n\t<p><label>*Model N\u00ba \u2022 *N\u00ba de mod\u00e8le \u2022 *N\u00ba de modelo \u2022 *\u578b\u53f7 \u2022 *\u578b\u865f:<\/label><br \/>\n<span class=\"wpcf7-form-control-wrap\" data-name=\"model-number\"><input size=\"40\" maxlength=\"400\" class=\"wpcf7-form-control wpcf7-text wpcf7-validates-as-required\" aria-required=\"true\" aria-invalid=\"false\" value=\"\" type=\"text\" name=\"model-number\" \/><\/span>\n\t<\/p>\n\t<p><label>*LOT No \u2022 N\u00bade lot \u2022 N\u00ba de lote \u2022 \u6279\u53f7 \u2022 \u6279\u865f#:<\/label><br \/>\n<span class=\"wpcf7-form-control-wrap\" data-name=\"lot-number\"><input size=\"40\" maxlength=\"400\" class=\"wpcf7-form-control wpcf7-text wpcf7-validates-as-required\" aria-required=\"true\" aria-invalid=\"false\" value=\"\" type=\"text\" name=\"lot-number\" \/><\/span>\n\t<\/p>\n\t<p>#5-digit code starting with 10 \/ Code \u00e0 5 chiffres commen\u00e7ant par 10 \/ C\u00f3digo de 5 d\u00edgitos que comienza con 10 \/ 5\u4f4d\u6570\u5b57\u4ee3\u7801\u4ee510\u5f00\u5934 \/ 5\u4f4d\u6578\u5b57\u4ee3\u78bc\u4ee510\u958b\u982d\n\t<\/p>\n\t<p><label>*Date purchased \u2022 *Date d\u2019achat \u2022 *Fecha de compra *\u8d2d\u4e70\u65e5\u671f \u2022 *\u8cfc\u8cb7\u65e5\u671f:<\/label><br \/>\n<span class=\"wpcf7-form-control-wrap\" data-name=\"date-purchased\"><input class=\"wpcf7-form-control wpcf7-date wpcf7-validates-as-required wpcf7-validates-as-date\" aria-required=\"true\" aria-invalid=\"false\" value=\"\" type=\"date\" name=\"date-purchased\" \/><\/span>\n\t<\/p> \n\n\n <!-- DROPDOWN FOR PURCHASE LOCATION -->\n\t<p><label>*Where did you purchase the product? \u2022 *O\u00f9 avez-vous achet\u00e9 ce produit ? \u2022 *\u00bfD\u00f3nde compraste el producto? \u2022 *\u60a8\u5728\u54ea\u91cc\u8d2d\u4e70\u8fd9\u4ea7\u54c1\uff1f \u2022 *\u60a8\u662f\u5728\u54ea\u88e1\u8cfc\u8cb7\u672c\u7522\u54c1\u7684\uff1f<\/label><br \/>\n<span class=\"wpcf7-form-control-wrap\" data-name=\"where-purchase\"><select class=\"wpcf7-form-control wpcf7-select wpcf7-validates-as-required\" aria-required=\"true\" aria-invalid=\"false\" name=\"where-purchase\"><option value=\"Online \u2022 En ligne \u2022 En l\u00ednea \u7f51\u7edc\u5546\u5e97 \u2022 \u7dda\u4e0a\u8cfc\u8cb7\">Online \u2022 En ligne \u2022 En l\u00ednea \u7f51\u7edc\u5546\u5e97 \u2022 \u7dda\u4e0a\u8cfc\u8cb7<\/option><option value=\"Store \u2022 En magasin \u2022 En la tienda \u5b9e\u4f53\u5e97\u94fa \u2022 \u5be6\u9ad4\u5546\u5e97\">Store \u2022 En magasin \u2022 En la tienda \u5b9e\u4f53\u5e97\u94fa \u2022 \u5be6\u9ad4\u5546\u5e97<\/option><option value=\"It is a gift \u2022 C\u2019est un cadeau \u2022 Es un regalo. \u4ed6\u4eba\u9001\u7684\u3002\u2022 \u6709\u4eba\u9001\u6211\u7684\u3002\">It is a gift \u2022 C\u2019est un cadeau \u2022 Es un regalo. \u4ed6\u4eba\u9001\u7684\u3002\u2022 \u6709\u4eba\u9001\u6211\u7684\u3002<\/option><\/select><\/span>\n\t<\/p>\n\t<p><label>Retailer name \u2022 Nom du magasin \u2022 Nombre de la tienda\u2022 \u96f6\u552e\u5546\u540d\u79f0 \u2022 \u96f6\u552e\u5546\u540d\u7a31:<\/label><br \/>\n<span class=\"wpcf7-form-control-wrap\" data-name=\"retailer-name\"><input size=\"40\" maxlength=\"400\" class=\"wpcf7-form-control wpcf7-text\" aria-invalid=\"false\" value=\"\" type=\"text\" name=\"retailer-name\" \/><\/span>\n\t<\/p> \n\n\n <!-- CONSENT SECTION \n  <h3>Consent<\/h3>\n\n  <p>I would like to receive information about the products and services from Camelion North America Inc.<\/p>\n  <p>Je souhaite recevoir des informations sur les produits et services de Camelion North America Inc.<\/p>\n  <p>Me gustar\u00eda recibir informaci\u00f3n sobre los productos y servicios de Camelion North America Inc.<\/p>\n  <p>\u6211\u5e0c\u671b\u6536\u5230 Camelion North America Inc. \u98de\u72ee\u5317\u7f8e\u516c\u53f8\u63a8\u9001\u7684\u4ea7\u54c1\u548c\u670d\u52a1\u4fe1\u606f\u3002<\/p>\n  <p>\u6211\u60f3\u8981\u63a5\u6536 Camelion North America Inc. \u98db\u7345\u5317\u7f8e\u516c\u53f8\u6240\u63d0\u4f9b\u7684\u7522\u54c1\u8207\u670d\u52d9\u8cc7\u8a0a\u3002<\/p>\n  <span class=\"wpcf7-form-control-wrap\" data-name=\"consent-products-services\"><span class=\"wpcf7-form-control wpcf7-checkbox\"><\/span><\/span> <br\/>\n\n  <p>Privacy notification. All gathered information is governed by our privacy statement. Please visit www.camelionbattery.com\/en\/Privacy.aspx for more information.<\/p>\n  <p>Notification de confidentialit\u00e9. Toutes les informations recueillies sont r\u00e9gies par notre d\u00e9claration de confidentialit\u00e9. Veuillez visiter www.camelionbattery.com\/en\/Privacy.aspx pour plus d\u2019informations.<\/p>\n  <p>Notificaci\u00f3n de privacidad. Toda la informaci\u00f3n recopilada se rige por nuestra declaraci\u00f3n de privacidad. Visite www.camelionbattery.com\/en\/Privacy.aspx privacy-statement para obtener m\u00e1s informaci\u00f3n.<\/p>\n  <p>\u9690\u79c1\u653f\u7b56\u544a\u77e5\uff1a\u6240\u6709\u6536\u96c6\u7684\u4fe1\u606f\u5747\u53d7\u6211\u4eec\u7684\u9690\u79c1\u58f0\u660e\u7ea6\u675f\u3002\u8bf7\u8bbf\u95ee : www.camelionbattery.com\/en\/Privacy.aspx\u6765\u4e86\u89e3\u66f4\u591a\u4fe1\u606f\u3002<\/p>\n  <p>\u96b1\u79c1\u6b0a\u8a3b\u8a18\u3002\u6240\u6709\u8cc7\u8a0a\u7684\u53d6\u5f97\uff0c\u90fd\u53d7\u5230\u6211\u5011\u7684\u96b1\u79c1\u6b0a\u8072\u660e\u6240\u898f\u7bc4\u3002 \u8acb\u700f\u89bd\u7db2\u9801\uff1awww.camelionbattery.com\/en\/Privacy.aspx\u4ee5\u5f97\u77e5\u66f4\u591a\u8cc7\u8a0a\u3002<\/p>\n  <br\/>\n<span class=\"wpcf7-form-control-wrap\" data-name=\"consent-privacy-notification\"><span class=\"wpcf7-form-control wpcf7-checkbox\"><\/span><\/span>-->\n\n <!-- SUBMIT BUTTON FIX -->\n\t<p><input class=\"wpcf7-form-control wpcf7-submit has-spinner\" type=\"submit\" value=\"SUBMIT \u2022 SOUMETTRE \u2022 ENVIAR \u2022 \u63d0\u4ea4\" \/>\n\t<\/p>\n<\/div><div class=\"wpcf7-response-output\" aria-hidden=\"true\"><\/div>\n<\/form>\n<\/div>\n[\/et_pb_code][\/et_pb_column][\/et_pb_row][\/et_pb_section]<\/p>\n","protected":false},"excerpt":{"rendered":"<p>Product Warranty Registration Thank you for purchasing our Camelion product. Please register your product by completing the form to benefit from our limited warranty. It is important to keep the ORIGINAL receipt as it will be required for warranty claims. Enregistrement de la garantie Merci d\u2019avoir achet\u00e9 notre produit Camelion. Veuillez enregistrer votre produit en [&hellip;]<\/p>\n","protected":false},"author":1,"featured_media":0,"parent":0,"menu_order":0,"comment_status":"closed","ping_status":"closed","template":"page-template-blank.php","meta":{"_et_pb_use_builder":"on","_et_pb_old_content":"","_et_gb_content_width":"","footnotes":""},"class_list":["post-328","page","type-page","status-publish","hentry"],"_links":{"self":[{"href":"https:\/\/camelionna.com\/fr\/wp-json\/wp\/v2\/pages\/328","targetHints":{"allow":["GET"]}}],"collection":[{"href":"https:\/\/camelionna.com\/fr\/wp-json\/wp\/v2\/pages"}],"about":[{"href":"https:\/\/camelionna.com\/fr\/wp-json\/wp\/v2\/types\/page"}],"author":[{"embeddable":true,"href":"https:\/\/camelionna.com\/fr\/wp-json\/wp\/v2\/users\/1"}],"replies":[{"embeddable":true,"href":"https:\/\/camelionna.com\/fr\/wp-json\/wp\/v2\/comments?post=328"}],"version-history":[{"count":7,"href":"https:\/\/camelionna.com\/fr\/wp-json\/wp\/v2\/pages\/328\/revisions"}],"predecessor-version":[{"id":1293,"href":"https:\/\/camelionna.com\/fr\/wp-json\/wp\/v2\/pages\/328\/revisions\/1293"}],"wp:attachment":[{"href":"https:\/\/camelionna.com\/fr\/wp-json\/wp\/v2\/media?parent=328"}],"curies":[{"name":"wp","href":"https:\/\/api.w.org\/{rel}","templated":true}]}}