{"id":1434,"date":"2026-02-24T16:23:08","date_gmt":"2026-02-24T16:23:08","guid":{"rendered":"https:\/\/camelionna.com\/?post_type=product&#038;p=1434"},"modified":"2026-04-16T05:29:40","modified_gmt":"2026-04-16T05:29:40","slug":"rechargeable-bicycle-air-compressor","status":"publish","type":"product","link":"https:\/\/camelionna.com\/fr\/produit\/rechargeable-bicycle-air-compressor\/","title":{"rendered":"Compresseur d'air rechargeable pour v\u00e9lo"},"content":{"rendered":"","protected":false},"excerpt":{"rendered":"<p>Marque : Camelion ;<br \/>\nGonflage rapide jusqu'\u00e0 120 PSI ;<br \/>\nConvient aux v\u00e9los de route, aux VTT, aux scooters et aux ballons de sport ;<br \/>\nL'arr\u00eat automatique s'active lorsque la pression pr\u00e9r\u00e9gl\u00e9e est atteinte ;<br \/>\nL\u00e9ger et compact, il se glisse facilement dans votre poche ou dans la sacoche de votre v\u00e9lo ;<br \/>\nR\u00e9glage de la pression<\/p>","protected":false},"featured_media":1455,"comment_status":"open","ping_status":"closed","template":"","meta":{"_et_pb_use_builder":"","_et_pb_old_content":"","_et_gb_content_width":""},"product_brand":[],"product_cat":[30,23],"product_tag":[],"class_list":{"0":"post-1434","1":"product","2":"type-product","3":"status-publish","4":"has-post-thumbnail","6":"product_cat-new","7":"product_cat-sporting-and-camping","9":"first","10":"instock","11":"shipping-taxable","12":"purchasable","13":"product-type-simple"},"_links":{"self":[{"href":"https:\/\/camelionna.com\/fr\/wp-json\/wp\/v2\/product\/1434","targetHints":{"allow":["GET"]}}],"collection":[{"href":"https:\/\/camelionna.com\/fr\/wp-json\/wp\/v2\/product"}],"about":[{"href":"https:\/\/camelionna.com\/fr\/wp-json\/wp\/v2\/types\/product"}],"replies":[{"embeddable":true,"href":"https:\/\/camelionna.com\/fr\/wp-json\/wp\/v2\/comments?post=1434"}],"wp:featuredmedia":[{"embeddable":true,"href":"https:\/\/camelionna.com\/fr\/wp-json\/wp\/v2\/media\/1455"}],"wp:attachment":[{"href":"https:\/\/camelionna.com\/fr\/wp-json\/wp\/v2\/media?parent=1434"}],"wp:term":[{"taxonomy":"product_brand","embeddable":true,"href":"https:\/\/camelionna.com\/fr\/wp-json\/wp\/v2\/product_brand?post=1434"},{"taxonomy":"product_cat","embeddable":true,"href":"https:\/\/camelionna.com\/fr\/wp-json\/wp\/v2\/product_cat?post=1434"},{"taxonomy":"product_tag","embeddable":true,"href":"https:\/\/camelionna.com\/fr\/wp-json\/wp\/v2\/product_tag?post=1434"}],"curies":[{"name":"wp","href":"https:\/\/api.w.org\/{rel}","templated":true}]}}