{"id":607,"date":"2025-08-13T18:51:35","date_gmt":"2025-08-13T18:51:35","guid":{"rendered":"https:\/\/camelionna.com\/product\/portable-automatic-air-compressor\/"},"modified":"2026-04-16T05:29:41","modified_gmt":"2026-04-16T05:29:41","slug":"portable-automatic-air-compressor","status":"publish","type":"product","link":"https:\/\/camelionna.com\/fr\/produit\/portable-automatic-air-compressor\/","title":{"rendered":"Compresseur d'air automatique portable"},"content":{"rendered":"","protected":false},"excerpt":{"rendered":"<p>Marque : Camelion ;<br \/>\nCompresseur d'air pour v\u00e9los, ballons, structures gonflables et automobiles ;<br \/>\nPression de gonflage maximale de 150 psi ;<br \/>\nArr\u00eat automatique ;<br \/>\nLampe de poche int\u00e9gr\u00e9e avec 3 modes d'\u00e9clairage ;<br \/>\nL\u00e9ger et compact<\/p>","protected":false},"featured_media":764,"comment_status":"open","ping_status":"closed","template":"","meta":{"_et_pb_use_builder":"","_et_pb_old_content":"","_et_gb_content_width":""},"product_brand":[],"product_cat":[23],"product_tag":[],"class_list":{"0":"post-607","1":"product","2":"type-product","3":"status-publish","4":"has-post-thumbnail","6":"product_cat-sporting-and-camping","8":"first","9":"instock","10":"product-type-simple"},"_links":{"self":[{"href":"https:\/\/camelionna.com\/fr\/wp-json\/wp\/v2\/product\/607","targetHints":{"allow":["GET"]}}],"collection":[{"href":"https:\/\/camelionna.com\/fr\/wp-json\/wp\/v2\/product"}],"about":[{"href":"https:\/\/camelionna.com\/fr\/wp-json\/wp\/v2\/types\/product"}],"replies":[{"embeddable":true,"href":"https:\/\/camelionna.com\/fr\/wp-json\/wp\/v2\/comments?post=607"}],"wp:featuredmedia":[{"embeddable":true,"href":"https:\/\/camelionna.com\/fr\/wp-json\/wp\/v2\/media\/764"}],"wp:attachment":[{"href":"https:\/\/camelionna.com\/fr\/wp-json\/wp\/v2\/media?parent=607"}],"wp:term":[{"taxonomy":"product_brand","embeddable":true,"href":"https:\/\/camelionna.com\/fr\/wp-json\/wp\/v2\/product_brand?post=607"},{"taxonomy":"product_cat","embeddable":true,"href":"https:\/\/camelionna.com\/fr\/wp-json\/wp\/v2\/product_cat?post=607"},{"taxonomy":"product_tag","embeddable":true,"href":"https:\/\/camelionna.com\/fr\/wp-json\/wp\/v2\/product_tag?post=607"}],"curies":[{"name":"wp","href":"https:\/\/api.w.org\/{rel}","templated":true}]}}