{"id":612,"date":"2025-08-13T18:51:35","date_gmt":"2025-08-13T18:51:35","guid":{"rendered":"https:\/\/camelionna.com\/product\/2-pk-led-dual-mode-lantern\/"},"modified":"2026-04-16T05:29:42","modified_gmt":"2026-04-16T05:29:42","slug":"2-pk-led-dual-mode-lantern","status":"publish","type":"product","link":"https:\/\/camelionna.com\/fr\/produit\/2-pk-led-dual-mode-lantern\/","title":{"rendered":"Lanterne DEL \u00e0 double mode"},"content":{"rendered":"<p><img loading=\"lazy\" decoding=\"async\" class=\"alignnone size-full wp-image-711 aligncenter\" src=\"https:\/\/camelionna.com\/wp-content\/uploads\/2025\/08\/20059_PD_1-OF86-image-A1_970x600-300dpi-r3.jpg\" alt=\"\" width=\"970\" height=\"600\" srcset=\"https:\/\/camelionna.com\/wp-content\/uploads\/2025\/08\/20059_PD_1-OF86-image-A1_970x600-300dpi-r3.jpg 970w, https:\/\/camelionna.com\/wp-content\/uploads\/2025\/08\/20059_PD_1-OF86-image-A1_970x600-300dpi-r3-480x297.jpg 480w\" sizes=\"(min-width: 0px) and (max-width: 480px) 480px, (min-width: 481px) 970px, 100vw\" \/><\/p>\n<p><img loading=\"lazy\" decoding=\"async\" class=\"alignnone size-full wp-image-712 aligncenter\" src=\"https:\/\/camelionna.com\/wp-content\/uploads\/2025\/08\/20059_PD_2-OF86-image-A2_970x600-300dpi-r2.jpg\" alt=\"\" width=\"970\" height=\"600\" srcset=\"https:\/\/camelionna.com\/wp-content\/uploads\/2025\/08\/20059_PD_2-OF86-image-A2_970x600-300dpi-r2.jpg 970w, https:\/\/camelionna.com\/wp-content\/uploads\/2025\/08\/20059_PD_2-OF86-image-A2_970x600-300dpi-r2-480x297.jpg 480w\" sizes=\"(min-width: 0px) and (max-width: 480px) 480px, (min-width: 481px) 970px, 100vw\" \/><\/p>\n<p><img loading=\"lazy\" decoding=\"async\" class=\"alignnone size-full wp-image-713 aligncenter\" src=\"https:\/\/camelionna.com\/wp-content\/uploads\/2025\/08\/20059_PD_3-OF86-image-lifestyle-camp-flame_970x600-300dpi-r1.jpg\" alt=\"\" width=\"970\" height=\"600\" srcset=\"https:\/\/camelionna.com\/wp-content\/uploads\/2025\/08\/20059_PD_3-OF86-image-lifestyle-camp-flame_970x600-300dpi-r1.jpg 970w, https:\/\/camelionna.com\/wp-content\/uploads\/2025\/08\/20059_PD_3-OF86-image-lifestyle-camp-flame_970x600-300dpi-r1-480x297.jpg 480w\" sizes=\"(min-width: 0px) and (max-width: 480px) 480px, (min-width: 481px) 970px, 100vw\" \/><\/p>\n<p><img loading=\"lazy\" decoding=\"async\" class=\"alignnone size-full wp-image-714 aligncenter\" src=\"https:\/\/camelionna.com\/wp-content\/uploads\/2025\/08\/20059_PD_4-OF86-image-lifestyle-fishing_970x600-300dpi.jpg\" alt=\"\" width=\"970\" height=\"600\" srcset=\"https:\/\/camelionna.com\/wp-content\/uploads\/2025\/08\/20059_PD_4-OF86-image-lifestyle-fishing_970x600-300dpi.jpg 970w, https:\/\/camelionna.com\/wp-content\/uploads\/2025\/08\/20059_PD_4-OF86-image-lifestyle-fishing_970x600-300dpi-480x297.jpg 480w\" sizes=\"(min-width: 0px) and (max-width: 480px) 480px, (min-width: 481px) 970px, 100vw\" \/><\/p>\n<p><img loading=\"lazy\" decoding=\"async\" class=\"alignnone size-full wp-image-715 aligncenter\" src=\"https:\/\/camelionna.com\/wp-content\/uploads\/2025\/08\/20059_PD_5-OF86-image-lifestyle-greenhouse_970x600-300dpi-r2.jpg\" alt=\"\" width=\"970\" height=\"600\" srcset=\"https:\/\/camelionna.com\/wp-content\/uploads\/2025\/08\/20059_PD_5-OF86-image-lifestyle-greenhouse_970x600-300dpi-r2.jpg 970w, https:\/\/camelionna.com\/wp-content\/uploads\/2025\/08\/20059_PD_5-OF86-image-lifestyle-greenhouse_970x600-300dpi-r2-480x297.jpg 480w\" sizes=\"(min-width: 0px) and (max-width: 480px) 480px, (min-width: 481px) 970px, 100vw\" \/><\/p>\n<p><img loading=\"lazy\" decoding=\"async\" class=\"alignnone size-full wp-image-716 aligncenter\" src=\"https:\/\/camelionna.com\/wp-content\/uploads\/2025\/08\/20059_PD_6-OF86-image-lifestyle-power-outage_970x600-300dpi-r2.jpg\" alt=\"\" width=\"970\" height=\"600\" srcset=\"https:\/\/camelionna.com\/wp-content\/uploads\/2025\/08\/20059_PD_6-OF86-image-lifestyle-power-outage_970x600-300dpi-r2.jpg 970w, https:\/\/camelionna.com\/wp-content\/uploads\/2025\/08\/20059_PD_6-OF86-image-lifestyle-power-outage_970x600-300dpi-r2-480x297.jpg 480w\" sizes=\"(min-width: 0px) and (max-width: 480px) 480px, (min-width: 481px) 970px, 100vw\" \/><\/p>","protected":false},"excerpt":{"rendered":"<p>Marque : Camelion ;<br \/>\nDouble mode d'\u00e9clairage - lumi\u00e8re blanche et lumi\u00e8re de flamme ;<br \/>\n\u00c9clairage LED \u00e0 360 degr\u00e9s ;<br \/>\nPoign\u00e9e r\u00e9glable ;<br \/>\nConception pliable et l\u00e9g\u00e8re ;<br \/>\nUtilise 3 piles AA<\/p>","protected":false},"featured_media":1253,"comment_status":"open","ping_status":"closed","template":"","meta":{"_et_pb_use_builder":"","_et_pb_old_content":"","_et_gb_content_width":""},"product_brand":[],"product_cat":[23],"product_tag":[],"class_list":{"0":"post-612","1":"product","2":"type-product","3":"status-publish","4":"has-post-thumbnail","6":"product_cat-sporting-and-camping","8":"first","9":"outofstock","10":"purchasable","11":"product-type-variable"},"_links":{"self":[{"href":"https:\/\/camelionna.com\/fr\/wp-json\/wp\/v2\/product\/612","targetHints":{"allow":["GET"]}}],"collection":[{"href":"https:\/\/camelionna.com\/fr\/wp-json\/wp\/v2\/product"}],"about":[{"href":"https:\/\/camelionna.com\/fr\/wp-json\/wp\/v2\/types\/product"}],"replies":[{"embeddable":true,"href":"https:\/\/camelionna.com\/fr\/wp-json\/wp\/v2\/comments?post=612"}],"wp:featuredmedia":[{"embeddable":true,"href":"https:\/\/camelionna.com\/fr\/wp-json\/wp\/v2\/media\/1253"}],"wp:attachment":[{"href":"https:\/\/camelionna.com\/fr\/wp-json\/wp\/v2\/media?parent=612"}],"wp:term":[{"taxonomy":"product_brand","embeddable":true,"href":"https:\/\/camelionna.com\/fr\/wp-json\/wp\/v2\/product_brand?post=612"},{"taxonomy":"product_cat","embeddable":true,"href":"https:\/\/camelionna.com\/fr\/wp-json\/wp\/v2\/product_cat?post=612"},{"taxonomy":"product_tag","embeddable":true,"href":"https:\/\/camelionna.com\/fr\/wp-json\/wp\/v2\/product_tag?post=612"}],"curies":[{"name":"wp","href":"https:\/\/api.w.org\/{rel}","templated":true}]}}